{"id":10285,"date":"2016-04-13T11:20:57","date_gmt":"2016-04-13T10:20:57","guid":{"rendered":"http:\/\/www.feuerwehr-damme.de\/?page_id=10285"},"modified":"2024-02-07T17:54:08","modified_gmt":"2024-02-07T16:54:08","slug":"schulklassen-kindergaerten","status":"publish","type":"page","link":"http:\/\/www.feuerwehr-damme.de\/?page_id=10285","title":{"rendered":"Schulklassen \/ Kinderg\u00e4rten"},"content":{"rendered":"<p>F\u00fcr Schulen und Kinderg\u00e4rten im Einsatzgebiet der Feuerwehr Damme bieten wir Besichtigungen des Ger\u00e4tehauses, der Fahrzeuge und der Ausr\u00fcstung nach vorheriger Terminabsprache an.<\/p>\n<p>Die Kinder- und Sch\u00fclergruppen erfahren von erfahrenen Kameraden\/innen alles Rund um\u00a0ihre Feuerwehr vor Ort.<\/p>\n<p>Die verschiedenen\u00a0Themenbereiche wie z.B. die Alarmierung, die Einsatzkleidung fr\u00fcher und heute, das Ger\u00e4tehaus, die Darstellung des Ehrenamts in der\u00a0Freiwilligen\u00a0Feuerwehr und nat\u00fcrlich die\u00a0anschauliche Vorf\u00fchrung der Einsatzfahrzeuge und noch einiges mehr finden Ber\u00fccksichtigung.<\/p>\n<p>Als Schulklassenbetreuer bin ich Ihr Ansprechpartner und m\u00f6chte ich mich Ihnen kurz vorstellen:<\/p>\n<p><a href=\"http:\/\/www.feuerwehr-damme.de\/wp-content\/uploads\/2011\/12\/Fortmann-U.jpg\" rel=\"lightbox[10285]\"><img loading=\"lazy\" decoding=\"async\" src=\"http:\/\/www.feuerwehr-damme.de\/wp-content\/uploads\/2011\/12\/Fortmann-U.jpg\" alt=\"\" width=\"400\" height=\"253\" class=\"alignnone size-full wp-image-5227\" srcset=\"http:\/\/www.feuerwehr-damme.de\/wp-content\/uploads\/2011\/12\/Fortmann-U.jpg 400w, http:\/\/www.feuerwehr-damme.de\/wp-content\/uploads\/2011\/12\/Fortmann-U-300x189.jpg 300w\" sizes=\"auto, (max-width: 400px) 100vw, 400px\" \/><\/a><\/p>\n<p>Ich hei\u00dfe Ulrich Fortmann und bin seit 1988 als Mitglied in der Freiwilligen Feuerwehr Damme aktiv. Hauptberuflich arbeite ich als Serviceassistent beim Autohaus Benno Goda in Damme.<\/p>\n<p>Gerne k\u00f6nnen Sie mich unter folgender Telefonnummer erreichen: 01753389105<\/p>\n","protected":false},"excerpt":{"rendered":"<p>F\u00fcr Schulen und Kinderg\u00e4rten im Einsatzgebiet der Feuerwehr Damme bieten wir Besichtigungen des Ger\u00e4tehauses, der Fahrzeuge und der Ausr\u00fcstung nach vorheriger Terminabsprache an. Die Kinder- und Sch\u00fclergruppen erfahren von erfahrenen Kameraden\/innen alles Rund um\u00a0ihre Feuerwehr vor Ort. Die verschiedenen\u00a0Themenbereiche wie z.B. die Alarmierung, die Einsatzkleidung fr\u00fcher und heute, das Ger\u00e4tehaus, die Darstellung des Ehrenamts in [&hellip;]<\/p>\n","protected":false},"author":4,"featured_media":0,"parent":18,"menu_order":0,"comment_status":"closed","ping_status":"closed","template":"","meta":{"footnotes":""},"class_list":["post-10285","page","type-page","status-publish","hentry"],"_links":{"self":[{"href":"http:\/\/www.feuerwehr-damme.de\/index.php?rest_route=\/wp\/v2\/pages\/10285","targetHints":{"allow":["GET"]}}],"collection":[{"href":"http:\/\/www.feuerwehr-damme.de\/index.php?rest_route=\/wp\/v2\/pages"}],"about":[{"href":"http:\/\/www.feuerwehr-damme.de\/index.php?rest_route=\/wp\/v2\/types\/page"}],"author":[{"embeddable":true,"href":"http:\/\/www.feuerwehr-damme.de\/index.php?rest_route=\/wp\/v2\/users\/4"}],"replies":[{"embeddable":true,"href":"http:\/\/www.feuerwehr-damme.de\/index.php?rest_route=%2Fwp%2Fv2%2Fcomments&post=10285"}],"version-history":[{"count":13,"href":"http:\/\/www.feuerwehr-damme.de\/index.php?rest_route=\/wp\/v2\/pages\/10285\/revisions"}],"predecessor-version":[{"id":18752,"href":"http:\/\/www.feuerwehr-damme.de\/index.php?rest_route=\/wp\/v2\/pages\/10285\/revisions\/18752"}],"up":[{"embeddable":true,"href":"http:\/\/www.feuerwehr-damme.de\/index.php?rest_route=\/wp\/v2\/pages\/18"}],"wp:attachment":[{"href":"http:\/\/www.feuerwehr-damme.de\/index.php?rest_route=%2Fwp%2Fv2%2Fmedia&parent=10285"}],"curies":[{"name":"wp","href":"https:\/\/api.w.org\/{rel}","templated":true}]}}