{"id":10596,"date":"2016-07-16T10:26:32","date_gmt":"2016-07-16T09:26:32","guid":{"rendered":"http:\/\/www.feuerwehr-damme.de\/?page_id=10596"},"modified":"2022-11-15T22:30:01","modified_gmt":"2022-11-15T21:30:01","slug":"alarmierung","status":"publish","type":"page","link":"http:\/\/www.feuerwehr-damme.de\/?page_id=10596","title":{"rendered":"Alarmierung der Feuerwehr Damme"},"content":{"rendered":"<p>Wird ein Feuer, ein Unfall oder eine technische Hilfeleistung, welche in die Zust\u00e4ndigkeit der Feuerwehr Damme f\u00e4llt, \u00fcber <strong>Notruf 112<\/strong> in der Feuerwehr- und Rettungsleitstelle Vechta (ELS) gemeldet, so werden die Feuerwehrkameraden \u00fcber einen Digitalen Meldeempf\u00e4nger (DME) alarmiert. Dies wird in Fachkreisen auch stiller Alarm genannt, weil die Bev\u00f6lkerung davon nichts mitbekommt. Die Feuerwehrkameraden tragen den Meldeempf\u00e4nger Tag und Nacht bei sich, der bei einem Alarm einen un\u00fcberh\u00f6rbaren Signalton abgibt. Im Display wir gleichzeitig die Art des Einsatzes sowie der Einsatzort angezeigt.<\/p>\n<p>Die Feuerwehr Damme verwendet folgenden Digitalen Meldeempf\u00e4nger:<\/p>\n<p>Swissphone S.QUAD X35<\/p>\n<p>Aufgeteilt ist die Alarmierung in Alarmierungsgruppen. Dieses erm\u00f6glicht, dass z.B. bei kleineren Eins\u00e4tzen nicht immer alle Feuerwehrkameraden alarmiert werden m\u00fcssen.<br \/>\nDie Feuerwehr Damme verf\u00fcgt zur Zeit \u00fcber ca. 60 aktive Einsatzkr\u00e4fte die auf 2 Alarmierungsgruppen (L\u00f6schgruppe 1 und L\u00f6schgruppe 2) aufgeteilt sind. Zus\u00e4tzlich gibt es noch eine Alarmierungsgruppe f\u00fcr die F\u00fchrungskr\u00e4fte der FF Damme, welche bei jedem Einsatz alarmiert wird.<\/p>\n<p>Welche und wie viele Einsatzkr\u00e4fte alarmiert werden, h\u00e4ngt von der Einsatzart ab.<br \/>\nDabei wird in folgende Bereiche unterschieden:<\/p>\n<p><strong>Feuer 1, TH und MTG 1:<\/strong> Tags\u00fcber von 7 Uhr bis 17 Uhr LG 1 und LG 2, Nachts und am Wochenende abwechselnd eine L\u00f6schgruppe.<br \/>\nGerade Woche LG 1, ungerade Woche LG 2<\/p>\n<p><strong>Feuer 2 und MANV:<\/strong> LG 1 und LG 2<\/p>\n<p><strong>Feuer 3:<\/strong> LG 1, LG 2 und zus\u00e4tzlich die Ortsfeuerwehren Borringhausen und Osterfeine.<\/p>\n<p><strong>Feuer 4:<\/strong> LG 1, LG 2 und zus\u00e4tzlich die Ortsfeuerwehren Borringhausen, Osterfeine sowie umliegende Feuerwehren, Drohnengruppe LK Vechta und der ELW 2 Container des Landkreises Vechta.<\/p>\n<p><strong>MTG 2:<\/strong> LG 1, LG 2 und zus\u00e4tzlich die Ortsfeuerwehr Borringhausen<\/p>\n<p><strong>Zusatzalarm DLAK und TLF:<\/strong> Tags\u00fcber, Nachts und am Wochenende abwechselnd eine L\u00f6schgruppe.<br \/>\nGerade Woche LG 2, ungerade Woche LG 1<\/p>\n<p><strong>Nachbarschaftliche L\u00f6schhilfe:<\/strong> LG 1 und LG 2<\/p>\n<p><strong>Drohnengruppe LK Vechta:\u00a0<\/strong>LG Drohne (besteht aus den Ortsfeuerwehren Damme, Borringhausen und Steinfeld)<\/p>\n<p><strong>Beispiele zu den Alarmstichworten:<\/strong><\/p>\n<p><strong>Feuer 1 (F 1)<\/strong><br \/>\n&#8211; PKW Brand<br \/>\n&#8211; Containerbrand<br \/>\n&#8211; Freifl\u00e4chenbrand klein<br \/>\n&#8211; M\u00fclltonnenbrand<br \/>\n&#8211; Sonstige Kleinbr\u00e4nde<\/p>\n<p><strong>Feuer 2 (F 2)<\/strong><br \/>\n&#8211; Schuppenbrand<br \/>\n&#8211; Zimmerbrand<br \/>\n&#8211; K\u00fcchenbrand<br \/>\n&#8211; Garagenbrand<br \/>\n&#8211; Kellerbrand<br \/>\n&#8211; Schornsteinbrand<br \/>\n&#8211; LKW Brand<br \/>\n&#8211; Maschinenbrand<br \/>\n&#8211; Heu &#8211; Strohballenbrand<br \/>\n&#8211; Brand Landwirtschaftlicher Fahrzeuge<br \/>\n&#8211; Stoppelfeldbrand<br \/>\n&#8211; Wald &#8211; Moorbrand<br \/>\n&#8211; Freifl\u00e4chenbrand gro\u00df<br \/>\n&#8211; Gasaustritt mit Flamme<\/p>\n<p><strong>Feuer 3 (F 3)<\/strong><br \/>\n&#8211; Dachstuhlbrand<br \/>\n&#8211; Wohnhausbrand<br \/>\n&#8211; Scheunenbrand<br \/>\n&#8211; Brand Landwirtschaftliches Anwesen<br \/>\n&#8211; Werkstattbrand<br \/>\n&#8211; Fabrikbrand klein<\/p>\n<p><strong>Feuer 4 (F 4)<\/strong><br \/>\n&#8211; Scheunenbrand gro\u00df<br \/>\n&#8211; Vollbrand Landwirtschaftliches Anwesen<br \/>\n&#8211; Werkstattbrand gro\u00df<br \/>\n&#8211; Fabrikbrand gro\u00df<\/p>\n<p><strong>Technische Hilfeleistung (TH)<\/strong><br \/>\n&#8211; \u00d6lspur<br \/>\n&#8211; Umgest\u00fcrzte B\u00e4ume<br \/>\n&#8211; Wassereinbruch in Geb\u00e4ude<br \/>\n&#8211; \u00dcberschwemmung<br \/>\n&#8211; T\u00fcr\u00f6ffnung (Amtshilfe)<br \/>\n&#8211; Stra\u00dfe reinigen<br \/>\n&#8211; Gasaustritt ohne Flamme<\/p>\n<p><strong>Mensch\/ Tier in Gefahr 1 (MTG 1)<\/strong><br \/>\n&#8211; Steckengebliebener Aufzug<br \/>\n&#8211; Stromausfall<br \/>\n&#8211; Tier in G\u00fcllegrube\/ Graben<br \/>\n&#8211; Personensuche<br \/>\n&#8211; T\u00fcr\u00f6ffnung (Person in Gefahr)<br \/>\n&#8211; Unterst\u00fctzung Rettungsdienst (Tragehilfe)<br \/>\n&#8211; Personenrettung \u00fcber Drehleiter<\/p>\n<p><strong>Mensch\/ Tier in Gefahr 2 (MTG 2)<\/strong><br \/>\n&#8211; LKW oder PKW Unfall mit eingeklemmter Person<br \/>\n&#8211; Mensch \/ Tier in Wasser oder Eis<br \/>\n&#8211; PKW in Wasser\/ Eis<br \/>\n&#8211; Person in Maschine eingeklemmt<br \/>\n&#8211; Rettung von Personen aus H\u00f6he oder Tiefe<br \/>\n&#8211; Flugunfall<\/p>\n<p><strong>Massenanfall von Verletzten (MANV)<\/strong><br \/>\n&#8211; MANV 7     5- 7 Verletzte<br \/>\n&#8211; MANV 15    8 \u2013 15 Verletzte<br \/>\n&#8211; MANV 25   16- 25 Verletzte<br \/>\n&#8211; MANV 50   26- 50 Verletzte<br \/>\n&#8211; MANV \u00dc 50 \u00fcber 50 Verletzte<\/p>\n<p><strong>Drohnengruppe LK Vechta (Drohne)<\/strong><br \/>\n&#8211; Auf Anforderung einer Feuerwehr<br \/>\n&#8211; Ab Feuer 4<br \/>\n&#8211; Bei Eins\u00e4tzen des Gefahrgutzuges<\/p>\n<p>&nbsp;<\/p>\n<p><strong>Analoge Alarmierung der Feuerwehr Damme bis zum 01.08.2018<\/strong><\/p>\n<p>Wurde bis zum August 2018 ein Feuer, ein Unfall oder eine technische Hilfeleistung, die in die Zust\u00e4ndigkeit der Feuerwehr Damme f\u00e4llt, \u00fcber <strong>Notruf 112<\/strong> in der Feuerwehr- und Rettungsleitstelle Vechta (ELS) gemeldet, so wurden die Feuerwehrkameraden \u00fcber einen Analogen Funkmeldeempf\u00e4nger (FME) alarmiert. Dies wird in Fachkreisen auch stiller Alarm genannt, weil die Bev\u00f6lkerung davon nichts mitbekommt. Die Feuerwehrkameraden trugen den Funkmeldeempf\u00e4nger Tag und Nacht bei sich, der bei einem Alarm einen un\u00fcberh\u00f6rbaren Signalton abgab. Im Anschlu\u00df darauf folgte eine Durchsage \u00fcber die Art des Einsatzes vom Leitstellendisponenten.<\/p>\n<p>Hier die beiden bei der Feuerwehr Damme verwendeten Melder Typen:<\/p>\n<p>Swissphone Quattro<br \/>\n<img loading=\"lazy\" decoding=\"async\" id=\"lightboxImage\" class=\"alignnone\" src=\"http:\/\/www.emmerl.de\/bos\/wp-content\/uploads\/2013\/02\/Quattro-XLi-2.jpg\" width=\"150\" height=\"213\" \/><\/p>\n<p>Motorola BMD<br \/>\n<img loading=\"lazy\" decoding=\"async\" id=\"fancybox-img\" class=\"alignnone\" src=\"http:\/\/www.funkhandel.com\/bilder\/produkte\/gross\/Motorola-BMD-Cool-Black-Edition.jpg\" width=\"316\" height=\"237\" \/><\/p>\n<p>Weiterhin gab es noch die Alarmierung \u00fcber eine Sirene. Sie befindet sich auf dem Kirchturm der St. Viktor Kirche Damme und wurde von der ELS Vechta \u00fcber Funk ausgel\u00f6st.<br \/>\nAllerdings wird die Sirene seit dem 01.01.2018 nicht mehr zur Alarmierung der Feuerwehr verwendet.<br \/>\nSie wir nur noch jeden Samstag um 12 Uhr zu einem Probealarm ausgel\u00f6st.<\/p>\n<p><img loading=\"lazy\" decoding=\"async\" src=\"http:\/\/feuerwehr-stuhr.de\/cms\/images\/sampledata\/alarmierung\/sirene.jpg\" width=\"197\" height=\"173\" \/><\/p>\n<p>Aufgeteilt war die Alarmierung in sogenannte Schleifen. Dieses erm\u00f6glichte, dass z.B. bei kleineren Eins\u00e4tzen nicht immer alle Feuerwehrkameraden alarmiert werden mussten.<br \/>\nDie aktive Einsatzkr\u00e4fte waren auf 2 Alarmschleifen (422 und 423) aufgeteilt. Zus\u00e4tzlich gab es noch eine Vollalarmschleife (421) die alle Einsatzkr\u00e4fte hatten.<\/p>\n<p>Welche und wie viele Einsatzkr\u00e4fte alarmiert wurden, hing von der Einsatzart ab.<br \/>\nDabei wurde in folgende Bereiche unterschieden:<\/p>\n<p><strong>Feuer 1, TH und MTG 1:<\/strong> Tags\u00fcber von 7 Uhr bis 17 Uhr Schleife 422 und 423, Nachts und am Wochenende abwechselnd eine Schleife. Gerade Woche 422, ungerade Woche 423<\/p>\n<p><strong>Feuer 2, MTG 2 und MANV:<\/strong> Immer 422, 423 und zus\u00e4tzlich 421<\/p>\n<p><strong>Feuer 3:<\/strong> 421, 422, 423 und zus\u00e4tzlich die Ortsfeuerwehren Borringhausen und Osterfeine.<\/p>\n<p><strong>Feuer 4:<\/strong> 421, 422, 423 und zus\u00e4tzlich die Ortsfeuerwehren Borringhausen, Osterfeine sowie umliegende Feuerwehren und der ELW 2 Container des Landkreises Vechta.<\/p>\n<p><strong>Drohnengruppe LK Vechta:\u00a0<\/strong>427\u00a0(besteht aus den Ortsfeuerwehren Damme, Borringhausen und Steinfeld)<\/p>\n","protected":false},"excerpt":{"rendered":"<p>Wird ein Feuer, ein Unfall oder eine technische Hilfeleistung, welche in die Zust\u00e4ndigkeit der Feuerwehr Damme f\u00e4llt, \u00fcber Notruf 112 in der Feuerwehr- und Rettungsleitstelle Vechta (ELS) gemeldet, so werden die Feuerwehrkameraden \u00fcber einen Digitalen Meldeempf\u00e4nger (DME) alarmiert. Dies wird in Fachkreisen auch stiller Alarm genannt, weil die Bev\u00f6lkerung davon nichts mitbekommt. Die Feuerwehrkameraden tragen [&hellip;]<\/p>\n","protected":false},"author":2,"featured_media":0,"parent":0,"menu_order":0,"comment_status":"closed","ping_status":"closed","template":"","meta":{"footnotes":""},"class_list":["post-10596","page","type-page","status-publish","hentry"],"_links":{"self":[{"href":"http:\/\/www.feuerwehr-damme.de\/index.php?rest_route=\/wp\/v2\/pages\/10596","targetHints":{"allow":["GET"]}}],"collection":[{"href":"http:\/\/www.feuerwehr-damme.de\/index.php?rest_route=\/wp\/v2\/pages"}],"about":[{"href":"http:\/\/www.feuerwehr-damme.de\/index.php?rest_route=\/wp\/v2\/types\/page"}],"author":[{"embeddable":true,"href":"http:\/\/www.feuerwehr-damme.de\/index.php?rest_route=\/wp\/v2\/users\/2"}],"replies":[{"embeddable":true,"href":"http:\/\/www.feuerwehr-damme.de\/index.php?rest_route=%2Fwp%2Fv2%2Fcomments&post=10596"}],"version-history":[{"count":23,"href":"http:\/\/www.feuerwehr-damme.de\/index.php?rest_route=\/wp\/v2\/pages\/10596\/revisions"}],"predecessor-version":[{"id":17601,"href":"http:\/\/www.feuerwehr-damme.de\/index.php?rest_route=\/wp\/v2\/pages\/10596\/revisions\/17601"}],"wp:attachment":[{"href":"http:\/\/www.feuerwehr-damme.de\/index.php?rest_route=%2Fwp%2Fv2%2Fmedia&parent=10596"}],"curies":[{"name":"wp","href":"https:\/\/api.w.org\/{rel}","templated":true}]}}