{"id":56,"date":"2007-08-29T10:19:45","date_gmt":"2007-08-29T08:19:45","guid":{"rendered":"http:\/\/cp.rr274.de\/ffw\/?page_id=21"},"modified":"2023-01-12T14:24:11","modified_gmt":"2023-01-12T13:24:11","slug":"notstromanhanger","status":"publish","type":"page","link":"http:\/\/www.feuerwehr-damme.de\/?page_id=56","title":{"rendered":"Notstromaggregat-Anh\u00e4nger"},"content":{"rendered":"<p>Das Notstromaggregat wird zu Stromversorgung der Tiefbrunnen im Einsatzgebiet eingesetzt.<br \/>\nWeiter kann es zur Ausleuchtung von Einsatzstellen sowie zur Stromversorgung von Objekten \u00fcber einen l\u00e4ngeren Zeitraum eingesetzt werden. 1981 wurde es in Eigenleistung auf einem ehemaligen Tragkraftspritzenanh\u00e4nger aufgebaut. Im Jahre 2000 wurde es in einen neuen Anh\u00e4nger umgebaut und auf den neusten technischen Stand gebracht.<\/p>\n<p><img decoding=\"async\" src=\"http:\/\/www.feuerwehr-damme.de\/wp-content\/uploads\/fahrzeuge\/notstomanhanger-1.jpg\" alt=\"Notstromanh\u00e4nger 1\" \/><\/p>\n<p><img decoding=\"async\" src=\"http:\/\/www.feuerwehr-damme.de\/wp-content\/uploads\/fahrzeuge\/notstromanhanger-2.jpg\" alt=\"Notstromanh\u00e4nger 2\" \/><\/p>\n<p><strong>Aufbau:<\/strong> Meyer \/ Aschen<br \/>\n<strong>Baujahr:<\/strong> 2000<br \/>\n<strong>Stromerzeuger:<\/strong> Bosch (20kVA)<br \/>\n<strong>Beleuchtungssatz:<\/strong> 3x 1.000 W<\/p>\n","protected":false},"excerpt":{"rendered":"<p>Das Notstromaggregat wird zu Stromversorgung der Tiefbrunnen im Einsatzgebiet eingesetzt. Weiter kann es zur Ausleuchtung von Einsatzstellen sowie zur Stromversorgung von Objekten \u00fcber einen l\u00e4ngeren Zeitraum eingesetzt werden. 1981 wurde es in Eigenleistung auf einem ehemaligen Tragkraftspritzenanh\u00e4nger aufgebaut. Im Jahre 2000 wurde es in einen neuen Anh\u00e4nger umgebaut und auf den neusten technischen Stand gebracht. [&hellip;]<\/p>\n","protected":false},"author":3,"featured_media":0,"parent":16,"menu_order":9,"comment_status":"closed","ping_status":"closed","template":"","meta":{"footnotes":""},"class_list":["post-56","page","type-page","status-publish","hentry"],"_links":{"self":[{"href":"http:\/\/www.feuerwehr-damme.de\/index.php?rest_route=\/wp\/v2\/pages\/56","targetHints":{"allow":["GET"]}}],"collection":[{"href":"http:\/\/www.feuerwehr-damme.de\/index.php?rest_route=\/wp\/v2\/pages"}],"about":[{"href":"http:\/\/www.feuerwehr-damme.de\/index.php?rest_route=\/wp\/v2\/types\/page"}],"author":[{"embeddable":true,"href":"http:\/\/www.feuerwehr-damme.de\/index.php?rest_route=\/wp\/v2\/users\/3"}],"replies":[{"embeddable":true,"href":"http:\/\/www.feuerwehr-damme.de\/index.php?rest_route=%2Fwp%2Fv2%2Fcomments&post=56"}],"version-history":[{"count":1,"href":"http:\/\/www.feuerwehr-damme.de\/index.php?rest_route=\/wp\/v2\/pages\/56\/revisions"}],"predecessor-version":[{"id":17772,"href":"http:\/\/www.feuerwehr-damme.de\/index.php?rest_route=\/wp\/v2\/pages\/56\/revisions\/17772"}],"up":[{"embeddable":true,"href":"http:\/\/www.feuerwehr-damme.de\/index.php?rest_route=\/wp\/v2\/pages\/16"}],"wp:attachment":[{"href":"http:\/\/www.feuerwehr-damme.de\/index.php?rest_route=%2Fwp%2Fv2%2Fmedia&parent=56"}],"curies":[{"name":"wp","href":"https:\/\/api.w.org\/{rel}","templated":true}]}}