{"id":86,"date":"2007-11-27T22:26:42","date_gmt":"2007-11-27T21:26:42","guid":{"rendered":"http:\/\/cp.rr274.de\/ffw\/?page_id=227"},"modified":"2023-02-27T08:59:56","modified_gmt":"2023-02-27T07:59:56","slug":"materialanhanger","status":"publish","type":"page","link":"http:\/\/www.feuerwehr-damme.de\/?page_id=86","title":{"rendered":"Material-Anh\u00e4nger"},"content":{"rendered":"<p>Der Anh\u00e4nger dient zum Materialtransport zur und von der Einsatzstelle sowie der Jugendfeuerwehr f\u00fcr Fahrten und Lagern.<\/p>\n<p><img decoding=\"async\" src=\"http:\/\/www.feuerwehr-damme.de\/wp-content\/uploads\/fahrzeuge\/anhanger-feuerwehr.jpg\" alt=\"Materialanh\u00e4nger\" \/><\/p>\n<p><strong>Hersteller:<\/strong> Humbaur<br \/>\n<strong>Baujahr:<\/strong> 2006<br \/>\n<strong>Zul. Gesamtgewicht:<\/strong> 1300 kg<\/p>\n","protected":false},"excerpt":{"rendered":"<p>Der Anh\u00e4nger dient zum Materialtransport zur und von der Einsatzstelle sowie der Jugendfeuerwehr f\u00fcr Fahrten und Lagern. Hersteller: Humbaur Baujahr: 2006 Zul. Gesamtgewicht: 1300 kg<\/p>\n","protected":false},"author":2,"featured_media":0,"parent":16,"menu_order":8,"comment_status":"closed","ping_status":"closed","template":"","meta":{"footnotes":""},"class_list":["post-86","page","type-page","status-publish","hentry"],"_links":{"self":[{"href":"http:\/\/www.feuerwehr-damme.de\/index.php?rest_route=\/wp\/v2\/pages\/86","targetHints":{"allow":["GET"]}}],"collection":[{"href":"http:\/\/www.feuerwehr-damme.de\/index.php?rest_route=\/wp\/v2\/pages"}],"about":[{"href":"http:\/\/www.feuerwehr-damme.de\/index.php?rest_route=\/wp\/v2\/types\/page"}],"author":[{"embeddable":true,"href":"http:\/\/www.feuerwehr-damme.de\/index.php?rest_route=\/wp\/v2\/users\/2"}],"replies":[{"embeddable":true,"href":"http:\/\/www.feuerwehr-damme.de\/index.php?rest_route=%2Fwp%2Fv2%2Fcomments&post=86"}],"version-history":[{"count":1,"href":"http:\/\/www.feuerwehr-damme.de\/index.php?rest_route=\/wp\/v2\/pages\/86\/revisions"}],"predecessor-version":[{"id":17769,"href":"http:\/\/www.feuerwehr-damme.de\/index.php?rest_route=\/wp\/v2\/pages\/86\/revisions\/17769"}],"up":[{"embeddable":true,"href":"http:\/\/www.feuerwehr-damme.de\/index.php?rest_route=\/wp\/v2\/pages\/16"}],"wp:attachment":[{"href":"http:\/\/www.feuerwehr-damme.de\/index.php?rest_route=%2Fwp%2Fv2%2Fmedia&parent=86"}],"curies":[{"name":"wp","href":"https:\/\/api.w.org\/{rel}","templated":true}]}}